{"id":19,"date":"2015-04-20T02:12:26","date_gmt":"2015-04-20T00:12:26","guid":{"rendered":"http:\/\/die-maennerversteherin.de\/?page_id=19"},"modified":"2015-04-20T20:57:26","modified_gmt":"2015-04-20T18:57:26","slug":"philosophie","status":"publish","type":"page","link":"https:\/\/businessrhetorik.de\/?page_id=19","title":{"rendered":"Philosophie"},"content":{"rendered":"<p>Wir glauben an die gro\u00dfartige Pers\u00f6nlichkeit jedes Einzelnen.<br \/>\nAuthentizit\u00e4t ist der Schl\u00fcssel zu erfolgreicher Rhetorik und Kommunikation.<\/p>\n<p>Wir finden immer eine individuelle L\u00f6sung f\u00fcr Ihren pers\u00f6nlichen optimalen Auftritt.<\/p>\n<p>Deswegen erh\u00e4lt jeder Seminar-Teilnehmer und jeder Coachee seine ganz eigene rhetorische Werkzeugkiste mit auf den Weg.<\/p>\n<p>Einheits-L\u00f6sungen und \u00fcbergest\u00fclpte Methoden bedeuten kein nachhaltiges Wirken.<\/p>\n<p>Das Team vom Institut f\u00fcr Business Rhetorik findet bei allen Themen-Schwerpunkte Ihre individuellen St\u00e4rken heraus und hilft Ihnen, diese nachhaltig optimal einzusetzen.<\/p>\n","protected":false},"excerpt":{"rendered":"<p>Wir glauben an die gro\u00dfartige Pers\u00f6nlichkeit jedes Einzelnen. Authentizit\u00e4t ist der Schl\u00fcssel zu erfolgreicher Rhetorik und Kommunikation. Wir finden immer eine individuelle L\u00f6sung f\u00fcr&#8230; &nbsp; <a href=\"https:\/\/businessrhetorik.de\/?page_id=19\" class=\"moretag\">&#8230;. weiter lesen<\/a><\/p>\n","protected":false},"author":1,"featured_media":0,"parent":0,"menu_order":0,"comment_status":"open","ping_status":"open","template":"","meta":[],"_links":{"self":[{"href":"https:\/\/businessrhetorik.de\/index.php?rest_route=\/wp\/v2\/pages\/19"}],"collection":[{"href":"https:\/\/businessrhetorik.de\/index.php?rest_route=\/wp\/v2\/pages"}],"about":[{"href":"https:\/\/businessrhetorik.de\/index.php?rest_route=\/wp\/v2\/types\/page"}],"author":[{"embeddable":true,"href":"https:\/\/businessrhetorik.de\/index.php?rest_route=\/wp\/v2\/users\/1"}],"replies":[{"embeddable":true,"href":"https:\/\/businessrhetorik.de\/index.php?rest_route=%2Fwp%2Fv2%2Fcomments&post=19"}],"version-history":[{"count":1,"href":"https:\/\/businessrhetorik.de\/index.php?rest_route=\/wp\/v2\/pages\/19\/revisions"}],"predecessor-version":[{"id":20,"href":"https:\/\/businessrhetorik.de\/index.php?rest_route=\/wp\/v2\/pages\/19\/revisions\/20"}],"wp:attachment":[{"href":"https:\/\/businessrhetorik.de\/index.php?rest_route=%2Fwp%2Fv2%2Fmedia&parent=19"}],"curies":[{"name":"wp","href":"https:\/\/api.w.org\/{rel}","templated":true}]}}